{"id":40339,"date":"2025-11-28T21:05:14","date_gmt":"2025-11-28T21:05:14","guid":{"rendered":"https:\/\/asura.lv\/product\/power-bank-mini-baseus-10000mah-usb-c-30w-blue\/"},"modified":"2025-12-12T15:36:22","modified_gmt":"2025-12-12T13:36:22","slug":"power-bank-mini-baseus-10000mah-usb-c-30w-blue","status":"publish","type":"product","link":"https:\/\/asura.lv\/lt\/produktas\/power-bank-mini-baseus-10000mah-usb-c-30w-blue\/","title":{"rendered":"Mini ne\u0161iojamas \u012fkroviklis \u201eBaseus\u201c, 10000 mAh, USB-C, 30 W, m\u0117lynas"},"content":{"rendered":"<h3>\u201eBaseus\u201c 10000mAh 30W greito \u012fkrovimo mini i\u0161orin\u0117 baterija (m\u0117lyna)<\/h3>\n<p>Greitai ir saugiai \u012fkraukite savo \u012frenginius. \u201eBaseus\u201c mini i\u0161orin\u0117 baterija turi USB-C prievad\u0105 ir leid\u017eia belaid\u017eiu b\u016bdu \u012fkrauti. Jos talpa siekia net 10 000 mAh. Ji taip pat turi \u012fmontuot\u0105 ekran\u0105, leid\u017eiant\u012f bet kuriuo metu patikrinti baterijos talp\u0105. Ji palaiko tokius greito \u012fkrovimo protokolus kaip, pavyzd\u017eiui, PD 30 W.<\/p>\n<p><img decoding=\"async\" src=\"https:\/\/b2b.innpro.pl\/data\/include\/cms\/-Baseus\/PPCX110203\/1.jpg\" alt=\"-Baseus\/PPCX110203\/1\"><\/p>\n<h3>Apgalvotas dizainas<\/h3>\n<p>Produktas yra lengvas ir kompakti\u0161kas, tod\u0117l galite j\u012f visada ne\u0161iotis su savimi. Be to, jis buvo sukurtas taip, kad gal\u0117tum\u0117te patogiai belaid\u017eiu b\u016bdu \u012fkrauti savo i\u0161man\u0173j\u012f telefon\u0105 \u2013 jis neu\u017edengia telefono kameros, tod\u0117l galite j\u012f s\u0117kmingai naudoti, o d\u0117l \u012fmontuot\u0173 magnet\u0173, turin\u010di\u0173 didel\u0119 traukos j\u0117g\u0105, jis suteikia ant jo pad\u0117tam telefonui stabilumo. Be to, med\u017eiaga maloni liesti ir neleid\u017eia jam i\u0161slysti i\u0161 rankos.<\/p>\n<p><img decoding=\"async\" src=\"https:\/\/b2b.innpro.pl\/data\/include\/cms\/-Baseus\/PPCX110203\/2.jpg\" alt=\"-Baseus\/PPCX110203\/2\"><\/p>\n<h3>Laidinis ir belaidis \u012fkrovimas<\/h3>\n<p>I\u0161orin\u0117 baterija leid\u017eia \u012fkrauti tiek laidiniu, tiek belaid\u017eiu b\u016bdu. Naudojami sprendimai suteiks jums norim\u0105 patogum\u0105. Ji palaiko greit\u0105 laidin\u012f \u012fkrovim\u0105 su 30 vat\u0173 galia. K\u0105 tai rei\u0161kia prakti\u0161kai? J\u016bs\u0173 \u201eiPhone 14 Pro\u201c bus \u012fkrautas iki 50 % vos per 30 minu\u010di\u0173! Taip pat palaikomas 15 W belaidis \u012fkrovimas.<\/p>\n<p><img decoding=\"async\" src=\"https:\/\/b2b.innpro.pl\/data\/include\/cms\/-Baseus\/PPCX110203\/4.jpg\" alt=\"-Baseus\/PPCX110203\/4\"><\/p>\n<h3>Platus suderinamumas<\/h3>\n<p>\u0160iuo prakti\u0161ku i\u0161oriniu akumuliatoriumi galite lengvai \u012fkrauti daugum\u0105 populiariausi\u0173 \u012frengini\u0173. Produktas leid\u017eia greitai \u012fkrauti \u201eiPhone 12-13\u201c serijos telefonus ir yra suderinamas su \u201eXiaomi\u201c ir \u201eHuawei\u201c telefonais. Jis taip pat leid\u017eia maitinti plan\u0161etinius kompiuterius ir belaid\u0117s ausines. Kadangi talpa siekia net 10 000 mAh, nereik\u0117s jos da\u017enai krauti.<\/p>\n<p><img decoding=\"async\" src=\"https:\/\/b2b.innpro.pl\/data\/include\/cms\/-Baseus\/PPCX110203\/3.jpg\" alt=\"-Baseus\/PPCX110203\/3\"><\/p>\n<h3>Saugu naudoti<\/h3>\n<p>Auk\u0161tos klas\u0117s baterija garantuoja saug\u0173 \u012fkrovim\u0105. \u201eBaseus\u201c si\u016blo apsaug\u0105 nuo vir\u0161\u012ftampio, vir\u0161srov\u0117s, perkrovimo ir trumpojo jungimo bei kit\u0173 problem\u0173. Ne\u0161iojamoji baterija taip pat apr\u016bpinta NTC temperat\u016bros jutikliais, kad b\u016bt\u0173 i\u0161vengta perkaitimo. Be to, produktas atitinka tarptautinius oro transporto standartus, tod\u0117l galite j\u012f pasiimti su savimi beveik visur.<\/p>\n<p><img decoding=\"async\" src=\"https:\/\/b2b.innpro.pl\/data\/include\/cms\/-Baseus\/PPCX110203\/5.jpg\" alt=\"-Baseus\/PPCX110203\/5\"><\/p>\n<h3>Pridedama:<\/h3>\n<ul>\n<li>I\u0161orin\u0117 baterija<\/li>\n<li>Laidas<\/li>\n<\/ul>\n<div class=\"table-wrapper\">\n<table>\n<tbody>\n<tr>\n<th>Gamintojas<\/th>\n<td>Baseus<\/td>\n<\/tr>\n<tr>\n<th>Modelis<\/th>\n<td>PPCX110203<\/td>\n<\/tr>\n<tr>\n<th>Spalva <\/th>\n<td>m\u0117lyna<\/td>\n<\/tr>\n<tr>\n<th>Baterijos talpa<\/th>\n<td>10000 mAh \/ 38,5 Wh<\/td>\n<\/tr>\n<tr>\n<th>USB-C prievadas<\/th>\n<td>30 W (maks.)<\/td>\n<\/tr>\n<tr>\n<th>Belaid\u017eio \u012fkroviklio i\u0161\u0117jimo galia<\/th>\n<td>15 W (maks.)<\/td>\n<\/tr>\n<tr>\n<th>Bendra i\u0161\u0117jimo srov\u0117<\/th>\n<td>5 V = 3 A<\/td>\n<\/tr>\n<tr>\n<th>Svoris<\/th>\n<td>210 g<\/td>\n<\/tr>\n<\/tbody>\n<\/table>\n<\/div>\n","protected":false},"excerpt":{"rendered":"<p>\u201eBaseus\u201c 10000mAh 30W greito \u012fkrovimo mini i\u0161orin\u0117 baterija (m\u0117lyna) Greitai ir saugiai \u012fkraukite savo \u012frenginius. \u201eBaseus\u201c mini i\u0161orin\u0117 baterija turi USB-C prievad\u0105 ir leid\u017eia belaid\u017eiu b\u016bdu \u012fkrauti. Jos talpa siekia net 10 000 mAh. Ji taip pat turi \u012fmontuot\u0105 ekran\u0105, leid\u017eiant\u012f bet kuriuo metu patikrinti baterijos talp\u0105. Ji palaiko tokius greito \u012fkrovimo protokolus kaip, pavyzd\u017eiui, [&#8230;]\n","protected":false},"featured_media":40340,"comment_status":"open","ping_status":"closed","template":"","meta":[],"product_brand":[95],"product_cat":[1025],"product_tag":[],"class_list":{"0":"post-40339","1":"product","2":"type-product","3":"status-publish","4":"has-post-thumbnail","6":"product_brand-baseus","7":"product_cat-powerbanks","9":"first","10":"outofstock","11":"taxable","12":"shipping-taxable","13":"purchasable","14":"product-type-simple"},"aioseo_notices":[],"_links":{"self":[{"href":"https:\/\/asura.lv\/lt\/wp-json\/wp\/v2\/product\/40339","targetHints":{"allow":["GET"]}}],"collection":[{"href":"https:\/\/asura.lv\/lt\/wp-json\/wp\/v2\/product"}],"about":[{"href":"https:\/\/asura.lv\/lt\/wp-json\/wp\/v2\/types\/product"}],"replies":[{"embeddable":true,"href":"https:\/\/asura.lv\/lt\/wp-json\/wp\/v2\/comments?post=40339"}],"wp:featuredmedia":[{"embeddable":true,"href":"https:\/\/asura.lv\/lt\/wp-json\/wp\/v2\/media\/40340"}],"wp:attachment":[{"href":"https:\/\/asura.lv\/lt\/wp-json\/wp\/v2\/media?parent=40339"}],"wp:term":[{"taxonomy":"product_brand","embeddable":true,"href":"https:\/\/asura.lv\/lt\/wp-json\/wp\/v2\/product_brand?post=40339"},{"taxonomy":"product_cat","embeddable":true,"href":"https:\/\/asura.lv\/lt\/wp-json\/wp\/v2\/product_cat?post=40339"},{"taxonomy":"product_tag","embeddable":true,"href":"https:\/\/asura.lv\/lt\/wp-json\/wp\/v2\/product_tag?post=40339"}],"curies":[{"name":"wp","href":"https:\/\/api.w.org\/{rel}","templated":true}]}}