{"id":40399,"date":"2025-11-28T21:05:07","date_gmt":"2025-11-28T21:05:07","guid":{"rendered":"https:\/\/asura.lv\/product\/wall-charger-invzi-ganhub-3x-usb-c-140w-eu-uk-au-us-black\/"},"modified":"2025-12-12T15:36:14","modified_gmt":"2025-12-12T13:36:14","slug":"wall-charger-invzi-ganhub-3x-usb-c-140w-eu-uk-au-us-black","status":"publish","type":"product","link":"https:\/\/asura.lv\/lt\/produktas\/wall-charger-invzi-ganhub-3x-usb-c-140w-eu-uk-au-us-black\/","title":{"rendered":"Sieninis \u012fkroviklis INVZI GanHub 3x USB-C, 140W, ES\/JK\/AU\/JAV (juodas)"},"content":{"rendered":"<h3>INVZI GanHub 3x USB-C, 140W, ES\/JK\/AU\/JAV maitinimo \u012fkroviklis (juodas)<\/h3>\n<p>\u012ekraukite savo \u012frang\u0105 greitai ir patogiai! Su tinklo \u012fkrovikliu j\u016bs\u0173 \u012frenginiai bus visi\u0161kai \u012fkrauti akimirksniu, nes jis i\u0161siskiria 140 W galia. Be to, j\u012f galite naudoti su vis\u0173 r\u016b\u0161i\u0173 \u012frenginiais. Taip pat pridedami kelioniniai adapteriai, tod\u0117l \u012fkroviklio naudojimas yra dar patogesnis.<\/p>\n<p><img decoding=\"async\" src=\"https:\/\/b2b.innpro.pl\/data\/include\/cms\/INVZI\/GH14013\/7.jpg\" alt=\"INVZI\/GH14013\/7\"><\/p>\n<h3>Greitas \u012fkrovimas<\/h3>\n<p>INVZI kintamosios srov\u0117s \u012fkroviklis turi 2 USB-C prievadus, leid\u017eian\u010dius \u012fkrauti maksimalia 65 vat\u0173 galia, ir USB prievad\u0105, kuris \u012fkrauna maksimalia 140 vat\u0173 galia! Tai leid\u017eia vienu metu \u012fkrauti kelis \u012frenginius, taip sutaupant laiko. Su INVZI j\u016bs\u0173 \u012franga bus paruo\u0161ta naudoti akimirksniu!<\/p>\n<p><img decoding=\"async\" src=\"https:\/\/b2b.innpro.pl\/data\/include\/cms\/INVZI\/GH14013\/5.jpg\" alt=\"INVZI\/GH14013\/5\"><\/p>\n<h3>Didelis suderinamumas<\/h3>\n<p>Tinklo \u012fkroviklis pasi\u017eymi puikiu suderinamumu. Juo galima \u012fkrauti \u012fvairius \u012frenginius, \u012fskaitant ne\u0161iojamuosius kompiuterius, telefonus, plan\u0161etinius kompiuterius, ausines ir kt. Tai rei\u0161kia, kad jums nereikia nerimauti, ar j\u016bs\u0173 \u012frenginys suderinamas su \u012fkrovikliu. Jis idealiai tinka tiems, kurie turi \u012fvairi\u0173 elektronini\u0173 prietais\u0173 ir nori juos greitai bei patogiai \u012fkrauti.<\/p>\n<p><img decoding=\"async\" src=\"https:\/\/b2b.innpro.pl\/data\/include\/cms\/INVZI\/GH14013\/6.jpg\" alt=\"INVZI\/GH14013\/6\"><\/p>\n<h3>Naudojimo patogumas<\/h3>\n<p>INVZI tinklo \u012fkroviklis yra itin kompakti\u0161kas, ta\u010diau u\u017etikrina maksimali\u0105 \u012fkrovimo gali\u0105, tod\u0117l idealiai tinka pasiimti su savimi \u012f kelion\u0119 arba kasdieniam naudojimui biure ar namuose. D\u0117l specialaus dizaino \u012fkroviklis gali b\u016bti ma\u017eesnis ir galingesnis nei tradicinis \u012fkroviklis, tod\u0117l jis u\u017eima ma\u017eiau vietos ir yra lengviau ne\u0161iojamas. <\/p>\n<p><img decoding=\"async\" src=\"https:\/\/b2b.innpro.pl\/data\/include\/cms\/INVZI\/GH14013\/2.jpg\" alt=\"INVZI\/GH14013\/2\"><\/p>\n<h3>Saugumas<\/h3>\n<p>INVZI \u012frenginys si\u016blo kelet\u0105 funkcij\u0173, kurios apsaugo \u012frenginius nuo pa\u017eeidim\u0173 ir naudotojus nuo pavojing\u0173 situacij\u0173. Viena i\u0161 pagrindini\u0173 funkcij\u0173 yra apsauga nuo vir\u0161srov\u0117s, vir\u0161\u012ftampio, perkaitimo ir trumpojo jungimo. Tod\u0117l net ir i\u0161kilus tokioms problemoms, \u012fkroviklis gali greitai ir efektyviai reaguoti, kad b\u016bt\u0173 i\u0161vengta \u012frenginio sugadinimo ar pavojaus vartotojui.<\/p>\n<p><img decoding=\"async\" src=\"https:\/\/b2b.innpro.pl\/data\/include\/cms\/INVZI\/GH14013\/4.jpg\" alt=\"INVZI\/GH14013\/4\"><\/p>\n<h3>Papildomi priedai<\/h3>\n<p>Pridedami papildomi ES\/JK\/AU\/JAV adapteriai, skirti \u012frenginiams \u012fkrauti skirtinguose geografiniuose regionuose, o tai ypa\u010d naudinga keliautojams. Su \u0161iais priedais \u012fkroviklis tampa dar universalesnis ir funkcionalesnis, nes juo galima \u012fkrauti skirtingus \u012frenginius ir veikti skirtingomis s\u0105lygomis.<\/p>\n<p><img decoding=\"async\" src=\"https:\/\/b2b.innpro.pl\/data\/include\/cms\/INVZI\/GH14013\/1.jpg\" alt=\"INVZI\/GH14013\/1\"><\/p>\n<div class=\"table-wrapper\">\n<table>\n<tbody>\n<tr>\n<th>Gamintojas <\/th>\n<td>INVZI<\/td>\n<\/tr>\n<tr>\n<th>Modelis <\/th>\n<td>GH14013<\/td>\n<\/tr>\n<tr>\n<th>Spalva <\/th>\n<td>Juoda <\/td>\n<\/tr>\n<tr>\n<th>Galia<\/th>\n<td>140 W<\/td>\n<\/tr>\n<tr>\n<th>Kelioniniai adapteriai <\/th>\n<td>ES\/JK\/AU\/JAV<\/td>\n<\/tr>\n<tr>\n<th>Ki\u0161tukas<\/th>\n<td>x 3 USB-C<\/td>\n<\/tr>\n<\/tbody>\n<\/table>\n<\/div>\n","protected":false},"excerpt":{"rendered":"<p>INVZI GanHub 3x USB-C, 140W, ES\/JK\/AU\/JAV maitinimo \u012fkroviklis (juodas) \u012ekraukite savo \u012frang\u0105 greitai ir patogiai! Su tinklo \u012fkrovikliu j\u016bs\u0173 \u012frenginiai bus visi\u0161kai \u012fkrauti akimirksniu, nes jis i\u0161siskiria 140 W galia. Be to, j\u012f galite naudoti su vis\u0173 r\u016b\u0161i\u0173 \u012frenginiais. Taip pat pridedami kelioniniai adapteriai, tod\u0117l \u012fkroviklio naudojimas yra dar patogesnis. Greitas \u012fkrovimas INVZI kintamosios srov\u0117s [&#8230;]\n","protected":false},"featured_media":40400,"comment_status":"open","ping_status":"closed","template":"","meta":[],"product_brand":[499],"product_cat":[1100],"product_tag":[],"class_list":{"0":"post-40399","1":"product","2":"type-product","3":"status-publish","4":"has-post-thumbnail","6":"product_brand-invzi","7":"product_cat-mains-chargers-chargers-gsm-accessories","9":"first","10":"outofstock","11":"taxable","12":"shipping-taxable","13":"purchasable","14":"product-type-simple"},"aioseo_notices":[],"_links":{"self":[{"href":"https:\/\/asura.lv\/lt\/wp-json\/wp\/v2\/product\/40399","targetHints":{"allow":["GET"]}}],"collection":[{"href":"https:\/\/asura.lv\/lt\/wp-json\/wp\/v2\/product"}],"about":[{"href":"https:\/\/asura.lv\/lt\/wp-json\/wp\/v2\/types\/product"}],"replies":[{"embeddable":true,"href":"https:\/\/asura.lv\/lt\/wp-json\/wp\/v2\/comments?post=40399"}],"wp:featuredmedia":[{"embeddable":true,"href":"https:\/\/asura.lv\/lt\/wp-json\/wp\/v2\/media\/40400"}],"wp:attachment":[{"href":"https:\/\/asura.lv\/lt\/wp-json\/wp\/v2\/media?parent=40399"}],"wp:term":[{"taxonomy":"product_brand","embeddable":true,"href":"https:\/\/asura.lv\/lt\/wp-json\/wp\/v2\/product_brand?post=40399"},{"taxonomy":"product_cat","embeddable":true,"href":"https:\/\/asura.lv\/lt\/wp-json\/wp\/v2\/product_cat?post=40399"},{"taxonomy":"product_tag","embeddable":true,"href":"https:\/\/asura.lv\/lt\/wp-json\/wp\/v2\/product_tag?post=40399"}],"curies":[{"name":"wp","href":"https:\/\/api.w.org\/{rel}","templated":true}]}}