{"id":40405,"date":"2025-11-28T21:05:07","date_gmt":"2025-11-28T21:05:07","guid":{"rendered":"https:\/\/asura.lv\/product\/invzi-ganhub-3x-usb-c-usb-wall-charger-100w-eu-uk-au-us-black\/"},"modified":"2025-12-12T15:36:15","modified_gmt":"2025-12-12T13:36:15","slug":"invzi-ganhub-3x-usb-c-usb-wall-charger-100w-eu-uk-au-us-black","status":"publish","type":"product","link":"https:\/\/asura.lv\/lt\/produktas\/invzi-ganhub-3x-usb-c-usb-wall-charger-100w-eu-uk-au-us-black\/","title":{"rendered":"INVZI GanHub 3x USB-C + USB sieninis \u012fkroviklis, 100 W, ES\/JK\/AU\/JAV (juodas)"},"content":{"rendered":"<h3>INVZI GanHub 3x USB-C + USB maitinimo \u012fkroviklis, 100 W, ES\/JK\/AU\/JAV (juodas)<\/h3>\n<p>\u012ekraukite savo \u012frang\u0105 greitai ir patogiai! Su tinklo \u012fkrovikliu j\u016bs\u0173 \u012frenginiai bus visi\u0161kai \u012fkrauti akimirksniu, nes jis i\u0161siskiria 100 W galia. Be to, j\u012f galite naudoti su vis\u0173 r\u016b\u0161i\u0173 \u012frenginiais. Taip pat pridedami kelioniniai adapteriai, tod\u0117l \u012fkroviklio naudojimas yra dar patogesnis.<\/p>\n<p><img decoding=\"async\" src=\"https:\/\/b2b.innpro.pl\/data\/include\/cms\/INVZI\/P310A\/7.jpg\" alt=\"INVZI\/P310A\/7\"><\/p>\n<h3>Greitas \u012fkrovimas<\/h3>\n<p>INVZI kintamosios srov\u0117s \u012fkroviklis turi 4 prievadus \u2013 3 x USB-C ir 1 x USB, kurie leid\u017eia \u012fkrauti maksimalia galia iki 100 vat\u0173! Be to, jis palaiko svarbiausius \u012fkrovimo protokolus. Tai leid\u017eia vienu metu \u012fkrauti kelis \u012frenginius, taupant laik\u0105. Su INVZI j\u016bs\u0173 \u012franga bus paruo\u0161ta naudoti akimirksniu!<\/p>\n<p><img decoding=\"async\" src=\"https:\/\/b2b.innpro.pl\/data\/include\/cms\/INVZI\/P310A\/2.jpg\" alt=\"INVZI\/P310A\/2\"><\/p>\n<h3>Didelis suderinamumas<\/h3>\n<p>Tinklo \u012fkroviklis pasi\u017eymi puikiu suderinamumu. Jis gali \u012fkrauti \u012fvairius \u012frenginius, \u012fskaitant ne\u0161iojamuosius kompiuterius, telefonus, plan\u0161etinius kompiuterius, ausines ir kt. Tai rei\u0161kia, kad jums nereikia nerimauti, ar j\u016bs\u0173 \u012frenginys suderinamas su \u012fkrovikliu. Jis idealiai tinka \u017emon\u0117ms, turintiems \u012fvairi\u0173 elektronini\u0173 prietais\u0173 ir norintiems juos greitai ir patogiai \u012fkrauti.<\/p>\n<p><img decoding=\"async\" src=\"https:\/\/b2b.innpro.pl\/data\/include\/cms\/INVZI\/P310A\/6.jpg\" alt=\"INVZI\/P310A\/6\"><\/p>\n<h3>Naudojimo patogumas<\/h3>\n<p>INVZI tinklo \u012fkroviklis yra itin kompakti\u0161kas, ta\u010diau u\u017etikrina maksimali\u0105 \u012fkrovimo gali\u0105, tod\u0117l idealiai tinka pasiimti su savimi \u012f kelion\u0119 arba kasdieniam naudojimui biure ar namuose. D\u0117l specialaus dizaino \u012fkroviklis gali b\u016bti ma\u017eesnis ir galingesnis nei tradicinis \u012fkroviklis, tod\u0117l jis u\u017eima ma\u017eiau vietos ir yra lengviau ne\u0161iojamas. <\/p>\n<p><img decoding=\"async\" src=\"https:\/\/b2b.innpro.pl\/data\/include\/cms\/INVZI\/P310A\/1.jpg\" alt=\"INVZI\/P310A\/1\"><\/p>\n<h3>Papildomi priedai <\/h3>\n<p>Pridedami papildomi ES\/JK\/AU\/JAV adapteriai, skirti \u012frenginiams \u012fkrauti skirtinguose geografiniuose regionuose, o tai ypa\u010d naudinga keliautojams. \u0160ie priedai daro \u012fkrovikl\u012f dar universalesn\u012f ir funkcionalesn\u012f, leisdami jam \u012fkrauti skirtingus \u012frenginius ir veikti skirtingomis s\u0105lygomis.<\/p>\n<p><img decoding=\"async\" src=\"https:\/\/b2b.innpro.pl\/data\/include\/cms\/INVZI\/P310A\/3.jpg\" alt=\"INVZI\/P310A\/3\"><\/p>\n<div class=\"table-wrapper\">\n<table>\n<tbody>\n<tr>\n<th>Gamintojas <\/th>\n<td>INVZI<\/td>\n<\/tr>\n<tr>\n<th>Modelis <\/th>\n<td>P310A<\/td>\n<\/tr>\n<tr>\n<th>Spalva <\/th>\n<td>Juoda <\/td>\n<\/tr>\n<tr>\n<th>Galia <\/th>\n<td>100 W<\/td>\n<\/tr>\n<tr>\n<th>Kelioniniai adapteriai <\/th>\n<td>ES\/JK\/AU\/JAV<\/td>\n<\/tr>\n<tr>\n<th>Ki\u0161tukas <\/th>\n<td>x 3 USB-C, x 1 USB<\/td>\n<\/tr>\n<tr>\n<th>USB-C1\/C2<\/th>\n<td>100 W maks. PD: 20 V \/ 5 A, 12 V \/ 3 A, 9 V \/ 3 A, 5 V \/ 3 A, PPS: 3,3 V &#8211; 16 V \/ 5 A<\/td>\n<\/tr>\n<tr>\n<th>USB-C3<\/th>\n<td>20 W maks. PD: 12 V \/ 1,66 A, 9 V \/ 2,22 A, 5 V \/ 3 A<\/td>\n<\/tr>\n<tr>\n<th>USB-A<\/th>\n<td>18 W maks.: 12 V \/ 1,5 A, 9 V \/ 2 A, 5 V \/ 3 A<\/td>\n<\/tr>\n<\/tbody>\n<\/table>\n<\/div>\n","protected":false},"excerpt":{"rendered":"<p>INVZI GanHub 3x USB-C + USB maitinimo \u012fkroviklis, 100 W, ES\/JK\/AU\/JAV (juodas) \u012ekraukite savo \u012frang\u0105 greitai ir patogiai! Su tinklo \u012fkrovikliu j\u016bs\u0173 \u012frenginiai bus visi\u0161kai \u012fkrauti akimirksniu, nes jis i\u0161siskiria 100 W galia. Be to, j\u012f galite naudoti su vis\u0173 r\u016b\u0161i\u0173 \u012frenginiais. Taip pat pridedami kelioniniai adapteriai, tod\u0117l \u012fkroviklio naudojimas yra dar patogesnis. Greitas \u012fkrovimas [&#8230;]\n","protected":false},"featured_media":40406,"comment_status":"open","ping_status":"closed","template":"","meta":[],"product_brand":[499],"product_cat":[1100],"product_tag":[],"class_list":{"0":"post-40405","1":"product","2":"type-product","3":"status-publish","4":"has-post-thumbnail","6":"product_brand-invzi","7":"product_cat-mains-chargers-chargers-gsm-accessories","9":"first","10":"outofstock","11":"taxable","12":"shipping-taxable","13":"purchasable","14":"product-type-simple"},"aioseo_notices":[],"_links":{"self":[{"href":"https:\/\/asura.lv\/lt\/wp-json\/wp\/v2\/product\/40405","targetHints":{"allow":["GET"]}}],"collection":[{"href":"https:\/\/asura.lv\/lt\/wp-json\/wp\/v2\/product"}],"about":[{"href":"https:\/\/asura.lv\/lt\/wp-json\/wp\/v2\/types\/product"}],"replies":[{"embeddable":true,"href":"https:\/\/asura.lv\/lt\/wp-json\/wp\/v2\/comments?post=40405"}],"wp:featuredmedia":[{"embeddable":true,"href":"https:\/\/asura.lv\/lt\/wp-json\/wp\/v2\/media\/40406"}],"wp:attachment":[{"href":"https:\/\/asura.lv\/lt\/wp-json\/wp\/v2\/media?parent=40405"}],"wp:term":[{"taxonomy":"product_brand","embeddable":true,"href":"https:\/\/asura.lv\/lt\/wp-json\/wp\/v2\/product_brand?post=40405"},{"taxonomy":"product_cat","embeddable":true,"href":"https:\/\/asura.lv\/lt\/wp-json\/wp\/v2\/product_cat?post=40405"},{"taxonomy":"product_tag","embeddable":true,"href":"https:\/\/asura.lv\/lt\/wp-json\/wp\/v2\/product_tag?post=40405"}],"curies":[{"name":"wp","href":"https:\/\/api.w.org\/{rel}","templated":true}]}}