{"id":40513,"date":"2025-11-28T21:04:56","date_gmt":"2025-11-28T21:04:56","guid":{"rendered":"https:\/\/asura.lv\/product\/transparent-case-and-tempered-glass-set-baseus-corning-for-iphone-14-pro\/"},"modified":"2025-12-12T15:36:05","modified_gmt":"2025-12-12T13:36:05","slug":"transparent-case-and-tempered-glass-set-baseus-corning-for-iphone-14-pro","status":"publish","type":"product","link":"https:\/\/asura.lv\/lt\/produktas\/transparent-case-and-tempered-glass-set-baseus-corning-for-iphone-14-pro\/","title":{"rendered":"Skaidrus d\u0117klas ir gr\u016bdinto stiklo rinkinys Baseus Corning iPhone 14 Pro telefonui"},"content":{"rendered":"<h3>Apsauginis rinkinys \u201eBaseus Corning\u201c skaidrus d\u0117klas ir gr\u016bdintas stiklas, skirtas \u201eiPhone 14 Pro\u201c<\/h3>\n<p>Visapusi\u0161kai r\u016bpinkit\u0117s savo \u201eiPhone\u201c ir m\u0117gaukit\u0117s visi\u0161ka laisve su \u201eBaseus\u201c! Apsaugin\u012f rinkin\u012f sudaro skaidrus d\u0117klas ir gr\u016bdintas stiklas, pagamintas i\u0161 tarptautinio prek\u0117s \u017eenklo \u201eCorning\u201c, \u017einomo d\u0117l stiklo komponent\u0173 gamybos \u201eApple\u201c. D\u0117klas ir stiklas yra itin ploni ir skaidr\u016bs, ta\u010diau labai efektyviai apsaugo \u012frengin\u012f nuo kritim\u0173, sm\u016bgi\u0173 ir \u012fbr\u0117\u017eim\u0173. Papildomas oleofobinis sluoksnis padeda i\u0161laikyti j\u016bs\u0173 i\u0161man\u0173j\u012f telefon\u0105 \u0161var\u0173.<\/p>\n<p><img decoding=\"async\" src=\"https:\/\/b2b.innpro.pl\/data\/include\/cms\/-Baseus\/P60112202201-01\/1.jpg\" alt=\"-Baseus\/P60112202201-01\/1\"><\/p>\n<h3>Auk\u0161\u010diausios kokyb\u0117s<\/h3>\n<p>Mes orientuojam\u0117s \u012f kokyb\u0119, tod\u0117l suk\u016br\u0117me j\u016bs\u0173 telefono apsaug\u0105 i\u0161 geriausi\u0173 med\u017eiag\u0173! \u201eCorning\u201c stiklas pasi\u017eymi dideliu kietumu (9H), tod\u0117l u\u017etikrina i\u0161skirtin\u0119 apsaug\u0105 nuo \u012fprast\u0173 pavoj\u0173, toki\u0173 kaip kritimai, sm\u016bgiai ir sm\u016bgiai.<\/p>\n<p><img decoding=\"async\" src=\"https:\/\/b2b.innpro.pl\/data\/include\/cms\/-Baseus\/P60112202201-01\/2.jpg\" alt=\"-Baseus\/P60112202201-01\/2\"><\/p>\n<h3>Pilna apsaugos apimtis<\/h3>\n<p>Specialiai sukurtas rinkinys puikiai tinka \u201eiPhone 14 Pro\u201c serijos telefonams, taip pat apsaugo gle\u017enus telefono kra\u0161tus. D\u0117klo kra\u0161tai \u012fgijo papildom\u0105 apsaug\u0105 \u201eoro pagalv\u0117s\u201c pavidalu, tod\u0117l net jei j\u016bs\u0173 telefonas nesuges, kra\u0161tui atsitrenkus \u012f kiet\u0105 pavir\u0161i\u0173. Apsauginis stiklas taip pat puikiai u\u017edengia kameros objektyv\u0105! Su \u201eBaseus\u201c j\u016bs\u0173 telefonas yra visi\u0161kai saugus!<\/p>\n<p><img decoding=\"async\" src=\"https:\/\/b2b.innpro.pl\/data\/include\/cms\/-Baseus\/P60112202201-01\/3.jpg\" alt=\"-Baseus\/P60112202201-01\/3\"><\/p>\n<h3>Labai skaidrus<\/h3>\n<p>\u201eBaseus\u201c apsauginis rinkinys sukuria \u012fsp\u016bd\u012f, kad jo beveik n\u0117ra. Nepaisant savo efektyvumo, jis yra itin plonas ir praleid\u017eia \u0161vies\u0105, tod\u0117l galite i\u0161laikyti neutralias spalvas ir auk\u0161t\u0105 vaizdo kokyb\u0119. Be to, jis neu\u017estoja \u0161viesos, patenkan\u010dios \u012f kameros objektyv\u0105, tod\u0117l j\u016bs\u0173 nuotraukos patikimai atspind\u0117s realyb\u0119.<\/p>\n<p><img decoding=\"async\" src=\"https:\/\/b2b.innpro.pl\/data\/include\/cms\/-Baseus\/P60112202201-01\/4.jpg\" alt=\"-Baseus\/P60112202201-01\/4\"><\/p>\n<h3>Patogus valdymas<\/h3>\n<p>Plonas stiklas i\u0161saugo originali\u0105 j\u016bs\u0173 \u201eiPhone\u201c form\u0105 ir dyd\u012f. Pamir\u0161kite didelius ir grem\u0117zdi\u0161kus d\u0117klus ir m\u0117gaukit\u0117s eleganti\u0161ku savo i\u0161maniojo telefono dizainu. D\u0117klas netrukdo \u201eMagSafe\u201c funkcijai, tod\u0117l jo nereikia nuimti, kai norite \u012fkrauti telefon\u0105. Ta\u010diau, jei prireiks, d\u0117l mink\u0161t\u0173 kra\u0161t\u0173 tai padarysite be problem\u0173.<\/p>\n<p><img decoding=\"async\" src=\"https:\/\/b2b.innpro.pl\/data\/include\/cms\/-Baseus\/P60112202201-01\/5.jpg\" alt=\"-Baseus\/P60112202201-01\/5\"><\/p>\n<h3>Visada \u0161varus<\/h3>\n<p>Rinkinys \u012fgijo papildom\u0105 oleofobin\u0119 dang\u0105, tod\u0117l galite pamir\u0161ti apie negra\u017eius pir\u0161t\u0173 atspaudus ir pana\u0161ius ne\u0161varumus. Toks sprendimas leid\u017eia i\u0161laikyti \u017eaibi\u0161k\u0105 telefono reakcij\u0105 \u012f kiekvien\u0105 ekrano prisilietim\u0105, taip pat turi \u012ftakos telefono \u0161varos palaikymo paprastumui. Auk\u0161tos kokyb\u0117s med\u017eiag\u0173 naudojimas u\u017etikrina, kad d\u0117klas neoksiduot\u0173 ir d\u0117l to nepagelst\u0173. <\/p>\n<p><img decoding=\"async\" src=\"https:\/\/b2b.innpro.pl\/data\/include\/cms\/-Baseus\/P60112202201-01\/6.jpg\" alt=\"-Baseus\/P60112202201-01\/6\"><\/p>\n<h3>\u012etraukta<\/h3>\n<ul>\n<li>Korpusas<\/li>\n<li>Gr\u016bdintas stiklas<\/li>\n<\/ul>\n<div class=\"table-wrapper\">\n<table>\n<tbody>\n<tr>\n<th>Gamintojas<\/th>\n<td>Baseus<\/td>\n<\/tr>\n<tr>\n<th>Modelis<\/th>\n<td>P60112202201-01<\/td>\n<\/tr>\n<tr>\n<th>Apdorojimas<\/th>\n<td>Bendra injekcija liejimas<\/td>\n<\/tr>\n<tr>\n<th>Med\u017eiaga<\/th>\n<td>TPU + stiklas<\/td>\n<\/tr>\n<tr>\n<th>Spalva<\/th>\n<td>Skaidri<\/td>\n<\/tr>\n<tr>\n<th>Suderinamumas<\/th>\n<td>iPhone 14 Pro<\/td>\n<\/tr>\n<\/tbody>\n<\/table>\n<\/div>\n","protected":false},"excerpt":{"rendered":"<p>Apsauginis rinkinys \u201eBaseus Corning\u201c skaidrus d\u0117klas ir gr\u016bdintas stiklas, skirtas \u201eiPhone 14 Pro\u201c Visapusi\u0161kai r\u016bpinkit\u0117s savo \u201eiPhone\u201c ir m\u0117gaukit\u0117s visi\u0161ka laisve su \u201eBaseus\u201c! Apsaugin\u012f rinkin\u012f sudaro skaidrus d\u0117klas ir gr\u016bdintas stiklas, pagamintas i\u0161 tarptautinio prek\u0117s \u017eenklo \u201eCorning\u201c, \u017einomo d\u0117l stiklo komponent\u0173 gamybos \u201eApple\u201c. D\u0117klas ir stiklas yra itin ploni ir skaidr\u016bs, ta\u010diau labai efektyviai apsaugo [&#8230;]\n","protected":false},"featured_media":40514,"comment_status":"open","ping_status":"closed","template":"","meta":[],"product_brand":[95],"product_cat":[1250],"product_tag":[],"class_list":{"0":"post-40513","1":"product","2":"type-product","3":"status-publish","4":"has-post-thumbnail","6":"product_brand-baseus","7":"product_cat-protective-cases-for-smartphones-cases-gsm-accessories","9":"first","10":"outofstock","11":"taxable","12":"shipping-taxable","13":"purchasable","14":"product-type-simple"},"aioseo_notices":[],"_links":{"self":[{"href":"https:\/\/asura.lv\/lt\/wp-json\/wp\/v2\/product\/40513","targetHints":{"allow":["GET"]}}],"collection":[{"href":"https:\/\/asura.lv\/lt\/wp-json\/wp\/v2\/product"}],"about":[{"href":"https:\/\/asura.lv\/lt\/wp-json\/wp\/v2\/types\/product"}],"replies":[{"embeddable":true,"href":"https:\/\/asura.lv\/lt\/wp-json\/wp\/v2\/comments?post=40513"}],"wp:featuredmedia":[{"embeddable":true,"href":"https:\/\/asura.lv\/lt\/wp-json\/wp\/v2\/media\/40514"}],"wp:attachment":[{"href":"https:\/\/asura.lv\/lt\/wp-json\/wp\/v2\/media?parent=40513"}],"wp:term":[{"taxonomy":"product_brand","embeddable":true,"href":"https:\/\/asura.lv\/lt\/wp-json\/wp\/v2\/product_brand?post=40513"},{"taxonomy":"product_cat","embeddable":true,"href":"https:\/\/asura.lv\/lt\/wp-json\/wp\/v2\/product_cat?post=40513"},{"taxonomy":"product_tag","embeddable":true,"href":"https:\/\/asura.lv\/lt\/wp-json\/wp\/v2\/product_tag?post=40513"}],"curies":[{"name":"wp","href":"https:\/\/api.w.org\/{rel}","templated":true}]}}