{"id":40633,"date":"2025-11-28T20:47:21","date_gmt":"2025-11-28T20:47:21","guid":{"rendered":"https:\/\/asura.lv\/product\/havit-m81-smartband-for-children-blue\/"},"modified":"2025-12-12T15:30:29","modified_gmt":"2025-12-12T13:30:29","slug":"havit-m81-smartband-for-children-blue","status":"publish","type":"product","link":"https:\/\/asura.lv\/lt\/produktas\/havit-m81-smartband-for-children-blue\/","title":{"rendered":"\u201eHavit M81\u201c i\u0161manioji apyrank\u0117 vaikams (m\u0117lyna)"},"content":{"rendered":"<h3 style=\"text-align: center;\">I\u0161manioji apyrank\u0117 vaikams \u201eHavit M81\u201c<\/h3>\n<p>Norite padovanoti savo vaikui i\u0161mani\u0105j\u0105 apyrank\u0119? Rinkit\u0117s \u201eHavit M81\u201c! \u012erenginys pasi\u017eymi mielu, draugi\u0161ku dizainu ir IP68 atsparumu vandeniui. Jis si\u016blo kelis sporto re\u017eimus ir leid\u017eia matuoti \u0161irdies ritm\u0105.<\/p>\n<p><img loading=\"lazy\" decoding=\"async\" src=\"\/data\/include\/cms\/12Havit\/M81\/1.jpg\" border=\"0\" alt=\"\" width=\"1100\" height=\"700\" \/><\/p>\n<p>\u0412\u00a0<\/p>\n<h3 style=\"text-align: center;\">Sveikata \u2013 svarbiausia<\/h3>\n<p>Kontroliuokite savo vaiko sveikat\u0105! I\u0161manioji apyrank\u0117 turi \u0161irdies ritmo matavimo funkcij\u0105, kuri leis jums steb\u0117ti puls\u0105 24 valandas per par\u0105. Be to, galite steb\u0117ti savo ma\u017eojo sportininko raid\u0105, per\u017ei\u016br\u0117dami i\u0161sikelt\u0173 tiksl\u0173 \u012fgyvendinimo eig\u0105.<\/p>\n<p><img loading=\"lazy\" decoding=\"async\" src=\"\/data\/include\/cms\/12Havit\/M81\/7.jpg\" border=\"0\" alt=\"\" width=\"1100\" height=\"700\" \/><\/p>\n<p>\u0412\u00a0<\/p>\n<h3 style=\"text-align: center;\">Visada pasiekiamas<\/h3>\n<p>Vaikai da\u017eniausiai b\u016bna energingi ir ne visada turi telefon\u0105 po ranka. Ar norite visada palaikyti ry\u0161\u012f su savo vaiku? Apr\u016bpinkite juos \u201eHavit M81\u201c, kuriame yra gaunam\u0173 \u017einu\u010di\u0173 prane\u0161im\u0173 funkcija. U\u017etenka vos \u017evilgtel\u0117ti \u012f ekran\u0105 ir i\u0161 karto su\u017einoti apie savo nor\u0105 su ja susisiekti.<\/p>\n<p><img loading=\"lazy\" decoding=\"async\" src=\"\/data\/include\/cms\/12Havit\/M81\/3.jpg\" border=\"0\" alt=\"\" width=\"1100\" height=\"701\" \/><\/p>\n<h3 style=\"text-align: center;\">Personalizacijos laisv\u0117<\/h3>\n<p>Su M81 galite leisti savo vaikui suasmeninti \u012frenginio i\u0161vaizd\u0105 pagal savo skon\u012f. Prie jo pridedamos 3 gyv\u016bn\u0173 formos fig\u016br\u0117l\u0117s \u2013 pel\u0117da, \u017eirafa ir korgis. Pritvirtinkite vien\u0105 i\u0161 j\u0173 prie dir\u017eelio ir pakeiskite j\u012f pagal vaiko pageidavimus.<\/p>\n<p><img loading=\"lazy\" decoding=\"async\" src=\"\/data\/include\/cms\/12Havit\/M81\/4.jpg\" border=\"0\" alt=\"\" width=\"1100\" height=\"700\" \/><\/p>\n<p>\u0412\u00a0<\/p>\n<h3 style=\"text-align: center;\">Pritaikyta vaikams<\/h3>\n<p>I\u0161manioji apyrank\u0117 sukurta galvojant apie patogum\u0105. Gamyboje buvo naudojamos odai draugi\u0161kos med\u017eiagos, o pats dizainas puikiai priglunda prie vaik\u0173 rank\u0173. Dir\u017eelio ilgis yra reguliuojamas, tod\u0117l jis puikiai priglunda. Be to, \u012frenginys vienu \u012fkrovimu gali veikti iki 15 dien\u0173.<\/p>\n<p><img loading=\"lazy\" decoding=\"async\" src=\"\/data\/include\/cms\/12Havit\/M81\/8.jpg\" border=\"0\" alt=\"\" width=\"1100\" height=\"699\" \/><\/p>\n<h3 style=\"text-align: center;\">Atsparus vandeniui<\/h3>\n<p>Ar auginate jaun\u0105 plaukik\u0105? O galb\u016bt j\u016bs\u0173 vaikas tiesiog m\u0117gsta \u017eaisti vandenyje? \u012erenginys turi IP68 atsparumo vandeniui \u012fvertinim\u0105, tod\u0117l j\u012f galima naudoti plaunant rankas, maudantis maudantis ar net plaukiojant.<\/p>\n<p><img loading=\"lazy\" decoding=\"async\" src=\"\/data\/include\/cms\/12Havit\/M81\/10.jpg\" border=\"0\" alt=\"\" width=\"1100\" height=\"700\" \/><\/p>\n<h3>Rinkinyje yra<\/h3>\n<ul>\n<li>I\u0161manioji apyrank\u0117<\/li>\n<li>Namini\u0173 gyv\u016bn\u0117li\u0173 papuo\u0161alai: korgis, pel\u0117da, \u017eirafa<\/li>\n<li>\u012ekrovimo laidas<\/li>\n<\/ul>\n<p>\u0412\u00a0<\/p>\n<h3>Specifikacija<\/h3>\n<h3>\u0412\u00a0<\/h3>\n<div class=\"table-wrapper\">\n<table>\n<tbody>\n<tr>\n<th>Gamintojas<\/th>\n<td>Havit<\/td>\n<\/tr>\n<tr>\n<th>Modelis<\/th>\n<td>M81<\/td>\n<\/tr>\n<tr>\n<th>Med\u017eiaga<\/th>\n<td>PC, ABS, silikonas<\/td>\n<\/tr>\n<tr>\n<th>Spalva<\/th>\n<td>M\u0117lyna<\/td>\n<\/tr>\n<tr>\n<th>\u201eBluetooth\u201c<\/th>\n<td>5.1<\/td>\n<\/tr>\n<tr>\n<th>Veikimo laikas<\/th>\n<td>5\u20137 dienos<\/td>\n<\/tr>\n<tr>\n<th>\u012ekrovimo laikas<\/th>\n<td>1,5 val.<\/td>\n<\/tr>\n<tr>\n<th>Baterijos talpa<\/th>\n<td>90 mAh<\/td>\n<\/tr>\n<tr>\n<th>Ekranas<\/th>\n<td>0,96 colio TFT<\/td>\n<\/tr>\n<tr>\n<th>Lustas<\/th>\n<td>BK3633<\/td>\n<\/tr>\n<tr>\n<th>Atsparumas vandeniui<\/th>\n<td>IP68<\/td>\n<\/tr>\n<tr>\n<th>Rai\u0161ka<\/th>\n<td>160 x 80<\/td>\n<\/tr>\n<tr>\n<th>Programa<\/th>\n<td>JYou PRO<\/td>\n<\/tr>\n<tr>\n<th>Sporto re\u017eimai<\/th>\n<td>B\u0117gimas, \u0117jimas, badmintonas, meditacija, va\u017eiavimas dvira\u010diu, krep\u0161inis, \u0161okin\u0117jimas su \u010diuo\u017eykla, laipiojimas<\/td>\n<\/tr>\n<\/tbody>\n<\/table>\n<p>\u0412\u00a0<\/p>\n<p>\u0412\u00a0<\/p>\n<\/div>\n<style type=\"text\/css\"><!--\n.table-wrapper{width:100%;overflow-x:auto}.table-wrapper>table{border-spacing:0}.table-wrapper>table>tbody>tr>td,.table-wrapper>table>tbody>tr>th{padding:10px 35px;text-align:left}.table-wrapper>table>tbody>tr>th{vertical-align:top}.table-wrapper>table>tbody>tr:nth-child(even){background-color:#f7f7f7}\n--><\/style>\n","protected":false},"excerpt":{"rendered":"<p>I\u0161manioji apyrank\u0117 vaikams \u201eHavit M81\u201c Norite padovanoti savo vaikui i\u0161mani\u0105j\u0105 apyrank\u0119? Rinkit\u0117s \u201eHavit M81\u201c! \u012erenginys pasi\u017eymi mielu, draugi\u0161ku dizainu ir IP68 atsparumu vandeniui. Jis si\u016blo kelis sporto re\u017eimus ir leid\u017eia matuoti \u0161irdies ritm\u0105. \u0412\u00a0 Sveikata \u2013 svarbiausia Kontroliuokite savo vaiko sveikat\u0105! I\u0161manioji apyrank\u0117 turi \u0161irdies ritmo matavimo funkcij\u0105, kuri leis jums steb\u0117ti puls\u0105 24 valandas [&#8230;]\n","protected":false},"featured_media":40634,"comment_status":"open","ping_status":"closed","template":"","meta":[],"product_brand":[159],"product_cat":[986],"product_tag":[],"class_list":{"0":"post-40633","1":"product","2":"type-product","3":"status-publish","4":"has-post-thumbnail","6":"product_brand-havit","7":"product_cat-smartwatches-smartwatches","9":"first","10":"outofstock","11":"taxable","12":"shipping-taxable","13":"purchasable","14":"product-type-simple"},"aioseo_notices":[],"_links":{"self":[{"href":"https:\/\/asura.lv\/lt\/wp-json\/wp\/v2\/product\/40633","targetHints":{"allow":["GET"]}}],"collection":[{"href":"https:\/\/asura.lv\/lt\/wp-json\/wp\/v2\/product"}],"about":[{"href":"https:\/\/asura.lv\/lt\/wp-json\/wp\/v2\/types\/product"}],"replies":[{"embeddable":true,"href":"https:\/\/asura.lv\/lt\/wp-json\/wp\/v2\/comments?post=40633"}],"wp:featuredmedia":[{"embeddable":true,"href":"https:\/\/asura.lv\/lt\/wp-json\/wp\/v2\/media\/40634"}],"wp:attachment":[{"href":"https:\/\/asura.lv\/lt\/wp-json\/wp\/v2\/media?parent=40633"}],"wp:term":[{"taxonomy":"product_brand","embeddable":true,"href":"https:\/\/asura.lv\/lt\/wp-json\/wp\/v2\/product_brand?post=40633"},{"taxonomy":"product_cat","embeddable":true,"href":"https:\/\/asura.lv\/lt\/wp-json\/wp\/v2\/product_cat?post=40633"},{"taxonomy":"product_tag","embeddable":true,"href":"https:\/\/asura.lv\/lt\/wp-json\/wp\/v2\/product_tag?post=40633"}],"curies":[{"name":"wp","href":"https:\/\/api.w.org\/{rel}","templated":true}]}}