{"id":40705,"date":"2025-11-28T20:47:15","date_gmt":"2025-11-28T20:47:15","guid":{"rendered":"https:\/\/asura.lv\/product\/battery-tattu-r-line-version-3-0-1550mah-148v-120c-4s1p-xt60\/"},"modified":"2025-12-12T15:30:22","modified_gmt":"2025-12-12T13:30:22","slug":"battery-tattu-r-line-version-3-0-1550mah-148v-120c-4s1p-xt60","status":"publish","type":"product","link":"https:\/\/asura.lv\/lt\/produktas\/battery-tattu-r-line-version-3-0-1550mah-148v-120c-4s1p-xt60\/","title":{"rendered":"Akumuliatorius Tattu R-Line 3.0 versija 1550mAh 14,8V 120C 4S1P XT60"},"content":{"rendered":"<h3>\u201eTattu\u201c akumuliatoriai<\/h3>\n<p>Specialiai bepilo\u010di\u0173 orlaivi\u0173 (UAV) naudojimui \u201eTattu\u201c prek\u0117s \u017eenklas suk\u016br\u0117 naujas, neprilygstamos kokyb\u0117s baterijas. Jos pasi\u017eymi i\u0161skirtine galia, nesvarbu, ar naudojate ma\u017eesnius dronus pramogoms, ar sunkiasvores ma\u0161inas kompiuterin\u0117ms programoms. Baterijos i\u0161 i\u0161or\u0117s da\u017enai atrodo pana\u0161iai \u2013 ta\u010diau tikrasis j\u0173 stiprumas slypi viduje. \u201eTattu\u201c baterij\u0173 elementai yra sukurti specialiai bepilo\u010di\u0173 orlaivi\u0173 (UAV) poreikiams.<\/p>\n<p><img decoding=\"async\" src=\"https:\/\/b2b.innpro.pl\/data\/include\/cms\/.jpg\" alt=\"\"><\/p>\n<h3>Saugos instrukcijos<\/h3>\n<p>Nei\u0161kraukite esant \u017eemesnei nei 3,0 V vienam elementui. \u012ekraukite tik mikroprocesoriniu \u012fkrovikliu, \u012fjungtu li\u010dio polimer\u0173 baterijos \u012fkrovimo re\u017eimu.<br \/>Nesujunkite trumpai poli\u0173, nepradurkite, nelaikykite tiesioginiuose saul\u0117s spinduliuose, laikykite atokiau nuo degi\u0173 objekt\u0173, i\u0161meskite \u012f specialiai tam skirtas talpyklas.<\/p>\n<div class=\"table-wrapper\">\n<table>\n<tbody>\n<tr>\n<th>\u012etampa<\/th>\n<td>14,8 V<\/td>\n<\/tr>\n<tr>\n<th>Talpa<\/th>\n<td>1550 mAh<\/td>\n<\/tr>\n<tr>\n<th>Celi\u0173 skai\u010dius<\/th>\n<td>4 <\/td>\n<\/tr>\n<tr>\n<th>Jungties tipas<\/th>\n<td>XT60<\/td>\n<\/tr>\n<tr>\n<th>Balansavimo tipas<\/th>\n<td>JST-XHR<\/td>\n<\/tr>\n<tr>\n<th>I\u0161krovimo srov\u0117 (t\u0119sinys)<\/th>\n<td>120C <\/td>\n<\/tr>\n<tr>\n<th>Ilgis<\/th>\n<td>76 mm<\/td>\n<\/tr>\n<tr>\n<th>Plotis<\/th>\n<td>38 mm<\/td>\n<\/tr>\n<tr>\n<th>Auk\u0161tis<\/th>\n<td>33 mm<\/td>\n<\/tr>\n<tr>\n<th>Svoris<\/th>\n<td>176 g<\/td>\n<\/tr>\n<\/tbody>\n<\/table>\n<\/div>\n","protected":false},"excerpt":{"rendered":"<p>\u201eTattu\u201c akumuliatoriai Specialiai bepilo\u010di\u0173 orlaivi\u0173 (UAV) naudojimui \u201eTattu\u201c prek\u0117s \u017eenklas suk\u016br\u0117 naujas, neprilygstamos kokyb\u0117s baterijas. Jos pasi\u017eymi i\u0161skirtine galia, nesvarbu, ar naudojate ma\u017eesnius dronus pramogoms, ar sunkiasvores ma\u0161inas kompiuterin\u0117ms programoms. Baterijos i\u0161 i\u0161or\u0117s da\u017enai atrodo pana\u0161iai \u2013 ta\u010diau tikrasis j\u0173 stiprumas slypi viduje. \u201eTattu\u201c baterij\u0173 elementai yra sukurti specialiai bepilo\u010di\u0173 orlaivi\u0173 (UAV) poreikiams. Saugos instrukcijos [&#8230;]\n","protected":false},"featured_media":40706,"comment_status":"open","ping_status":"closed","template":"","meta":[],"product_brand":[268],"product_cat":[1442],"product_tag":[],"class_list":{"0":"post-40705","1":"product","2":"type-product","3":"status-publish","4":"has-post-thumbnail","6":"product_brand-tattu","7":"product_cat-batteries","9":"first","10":"outofstock","11":"taxable","12":"shipping-taxable","13":"purchasable","14":"product-type-simple"},"aioseo_notices":[],"_links":{"self":[{"href":"https:\/\/asura.lv\/lt\/wp-json\/wp\/v2\/product\/40705","targetHints":{"allow":["GET"]}}],"collection":[{"href":"https:\/\/asura.lv\/lt\/wp-json\/wp\/v2\/product"}],"about":[{"href":"https:\/\/asura.lv\/lt\/wp-json\/wp\/v2\/types\/product"}],"replies":[{"embeddable":true,"href":"https:\/\/asura.lv\/lt\/wp-json\/wp\/v2\/comments?post=40705"}],"wp:featuredmedia":[{"embeddable":true,"href":"https:\/\/asura.lv\/lt\/wp-json\/wp\/v2\/media\/40706"}],"wp:attachment":[{"href":"https:\/\/asura.lv\/lt\/wp-json\/wp\/v2\/media?parent=40705"}],"wp:term":[{"taxonomy":"product_brand","embeddable":true,"href":"https:\/\/asura.lv\/lt\/wp-json\/wp\/v2\/product_brand?post=40705"},{"taxonomy":"product_cat","embeddable":true,"href":"https:\/\/asura.lv\/lt\/wp-json\/wp\/v2\/product_cat?post=40705"},{"taxonomy":"product_tag","embeddable":true,"href":"https:\/\/asura.lv\/lt\/wp-json\/wp\/v2\/product_tag?post=40705"}],"curies":[{"name":"wp","href":"https:\/\/api.w.org\/{rel}","templated":true}]}}