{"id":41107,"date":"2025-11-28T20:46:35","date_gmt":"2025-11-28T20:46:35","guid":{"rendered":"https:\/\/asura.lv\/product\/superfire-s33-a-flashlight-usb-black-4-modes\/"},"modified":"2025-12-12T15:29:48","modified_gmt":"2025-12-12T13:29:48","slug":"superfire-s33-a-flashlight-usb-black-4-modes","status":"publish","type":"product","link":"https:\/\/asura.lv\/lt\/produktas\/superfire-s33-a-flashlight-usb-black-4-modes\/","title":{"rendered":"\u201eSuperfire S33-A\u201c \u017eibintuv\u0117lis, USB, juodas, 4 re\u017eimai"},"content":{"rendered":"<h3>\u201eSuperfire S33-A\u201c \u017eibintuv\u0117lis, USB, juodas, 4 re\u017eimai<\/h3>\n<p>\u0160is \u201eSuperfire\u201c \u017eibintuv\u0117lis yra kompakti\u0161kas ir lengvas, tod\u0117l j\u012f galite \u012fsid\u0117ti net \u012f ki\u0161en\u0119. D\u0117l ma\u017eo dyd\u017eio ir lengvumo j\u012f itin patogu ne\u0161iotis \u2013 idealiai tinka kasdieniam naudojimui ir kelion\u0117ms. Jis bus nepakei\u010diamas \u012fvairiose situacijose. Jis puikiai tiks stovyklavimui, dirbtuv\u0117se, \u017eygiams ir pan. Jis turi 4 veikimo re\u017eimus ir yra atsparus vandeniui (IP43 apsauga nuo pa\u0161alini\u0173 objekt\u0173, kuri\u0173 skersmuo 1 mm, ir vandens pursl\u0173). Jis taip pat atsparus nusid\u0117v\u0117jimui ir kritimams i\u0161 1 m auk\u0161\u010dio. \u012ekrovimas atliekamas per ma\u017e\u0105 USB prievad\u0105 (universali nuoseklioji magistral\u0117, universali duomen\u0173 ir maitinimo jungtis), kuris tinka daugumai \u012fprast\u0173 laid\u0173 ir \u012fkrovikli\u0173, tod\u0117l visas procesas yra itin patogus. Indikatorius prane\u0161, kada baterija visi\u0161kai \u012fkrauta.<\/p>\n<p>\n<img decoding=\"async\" alt=\"Superfire S33-A metalinis \u017eibintuv\u0117lis juodame fone su oran\u017einiais grafiniais tinkleliais\" border=\"0\" src=\"https:\/\/assets.innpro.pl\/14136\/17633\/3.jpg\"\/>\n<\/p>\n<h3>I\u0161manusis \u012fkrovimo indikatorius<\/h3>\n<p>\u201eSuperfire S33-A\u201c turi 800 mAh baterij\u0105, kuri visu galingumu u\u017etikrina apie 2 valandas veikimo. Ta\u010diau ekonominiu re\u017eimu veikimo laikas gali siekti iki 3,5 valandos, tod\u0117l \u017eibintuv\u0117lis yra patikimas \u0161viesos \u0161altinis net ir ilgesn\u0117se ekspedicijose. D\u0117l i\u0161maniojo \u012fkrovimo indikatoriaus galite bet kada patikrinti \u012frenginio \u012fkrovimo b\u016bsen\u0105. Raudona spalva rodo, kad priedas kraunasi, o m\u0117lyna \u2013 kad baterija \u012fkrauta. Taip laiku \u017einosite, kada \u017eibintuv\u0117lis v\u0117l bus paruo\u0161tas naudoti, ir i\u0161vengsite perkrovimo.<\/p>\n<p>\n<img decoding=\"async\" alt=\"Superfire S33-A \u017eibintuv\u0117lis prijungtas prie \u012fkrovimo laido\" border=\"0\" src=\"https:\/\/assets.innpro.pl\/14136\/17633\/5.jpg\"\/>\n<\/p>\n<h3>4 veikimo re\u017eimai<\/h3>\n<p>\u017dibintuv\u0117lis turi 4 veikimo re\u017eimus, kuriuos galite naudoti pagal savo poreikius. Pasirinkite i\u0161 silpno ap\u0161vietimo, SOS, 100 % ry\u0161kumo arba mirksin\u010dios \u0161viesos. Valdymas paprastas \u2013 re\u017eimus perjungiate mygtuku, esan\u010diu \u017eibintuv\u0117lio gale. Paspaudus mygtuk\u0105 i\u0161 eil\u0117s, galite perjungti re\u017eimus (stipri \u0161viesa \u2013 silpna \u0161viesa \u2013 mirksinti \u0161viesa \u2013 i\u0161jungta). Palaikius mygtuk\u0105 ma\u017edaug 3 sekundes, \u012fjungiamas SOS re\u017eimas, o palaikius dar kart\u0105, \u017eibintuv\u0117lis i\u0161sijungia. D\u0117l specialaus optinio l\u0119\u0161io \u0161viesos spindulys yra geriau sufokusuotas, u\u017etikrinant iki 219 metr\u0173 atstum\u0105.<\/p>\n<p>\n<img decoding=\"async\" alt=\"Superfire S33-A \u017eibintuv\u0117lis ry\u0161kiai \u0161vie\u010dia ant apsnigto mi\u0161ko kelio, tolumoje matydamas \u017emogaus siluet\u0105\" border=\"0\" src=\"https:\/\/assets.innpro.pl\/14136\/17633\/4.jpg\"\/>\n<\/p>\n<h3>Minimalistinis ir patvarus<\/h3>\n<p>Prietaisas pagamintas i\u0161 auk\u0161tos kokyb\u0117s ABS (akrilnitrilo butadieno stireno, patvaraus plastiko) med\u017eiagos ir papildomai sutvirtintas stiklo pluo\u0161tu. Originalus, paprastas dizainas suteikia \u017eibintuv\u0117liui eleganti\u0161k\u0105 ir moderni\u0105 i\u0161vaizd\u0105, i\u0161laikant visas funkcijas. Jis atsparus nedideliems mechaniniams pa\u017eeidimams ir pagamintas darniai su aplinka. Jis lengvas ir kompakti\u0161kas, tod\u0117l visada galite j\u012f ne\u0161iotis su savimi. Be to, \u017eibintuv\u0117lis turi skyl\u0119 virvelei (nepridedama), kuri\u0105 galite pritvirtinti, kad apsaugotum\u0117te pried\u0105.<\/p>\n<p>\n<img decoding=\"async\" alt=\"Asmuo, dedantis \u017eibintuv\u0117l\u012f \u012f kelni\u0173 ki\u0161en\u0119\" border=\"0\" src=\"https:\/\/assets.innpro.pl\/14136\/17633\/6.jpg\"\/>\n<\/p>\n<div class=\"table-wrapper\">\n<p>B\u00a0<\/p>\n<h3><\/h3>\n<table>\n<tbody>\n<tr>\n<th>Gamintojas<\/th>\n<td>Superfire<\/td>\n<\/tr>\n<tr>\n<th>Modelis<\/th>\n<td>S33-A<\/td>\n<\/tr>\n<tr>\n<th>Matmenys<\/th>\n<td>131 x 36 x 29 mm<\/td>\n<\/tr>\n<tr>\n<th>Svoris<\/th>\n<td>85 g<\/td>\n<\/tr>\n<tr>\n<th>Galia<\/th>\n<td>2,5 W<\/td>\n<\/tr>\n<tr>\n<th>\u012etampa<\/th>\n<td>3,7 V<\/td>\n<\/tr>\n<tr>\n<th>Akumuliatoriaus talpa<\/th>\n<td>800 mAh<\/td>\n<\/tr>\n<tr>\n<th>Med\u017eiaga<\/th>\n<td>ABS<\/td>\n<\/tr>\n<tr>\n<th>Spalva<\/th>\n<td>juoda<\/td>\n<\/tr>\n<tr>\n<th>Atsparumas kritimui<\/th>\n<td>iki 1 m<\/td>\n<\/tr>\n<tr>\n<th>Ap\u0161vietimo diapazonas<\/th>\n<td>219 m<\/td>\n<\/tr>\n<tr>\n<th>\u012ekrovimo prievadas<\/th>\n<td>USB<\/td>\n<\/tr>\n<tr>\n<th>\u012ekrovimo laikas<\/th>\n<td>apytiksliai 2 val.<\/td>\n<\/tr>\n<tr>\n<th>Veikimo laikas<\/th>\n<td>apytiksliai 2 val.<\/td>\n<\/tr>\n<tr>\n<th>Atsparumas vandeniui<\/th>\n<td>IP43<\/td>\n<\/tr>\n<tr>\n<th>Ry\u0161kumas (liumen\u0173 skai\u010dius)<\/th>\n<td>124 lm<\/td>\n<\/tr>\n<tr>\n<th>Re\u017eimai<\/th>\n<td>100 %, prieblandoje, SOS, mirks\u0117jimas<\/td>\n<\/tr>\n<\/tbody>\n<\/table>\n<\/div>\n","protected":false},"excerpt":{"rendered":"<p>\u201eSuperfire S33-A\u201c \u017eibintuv\u0117lis, USB, juodas, 4 re\u017eimai \u0160is \u201eSuperfire\u201c \u017eibintuv\u0117lis yra kompakti\u0161kas ir lengvas, tod\u0117l j\u012f galite \u012fsid\u0117ti net \u012f ki\u0161en\u0119. D\u0117l ma\u017eo dyd\u017eio ir lengvumo j\u012f itin patogu ne\u0161iotis \u2013 idealiai tinka kasdieniam naudojimui ir kelion\u0117ms. Jis bus nepakei\u010diamas \u012fvairiose situacijose. Jis puikiai tiks stovyklavimui, dirbtuv\u0117se, \u017eygiams ir pan. Jis turi 4 veikimo re\u017eimus [&#8230;]\n","protected":false},"featured_media":41108,"comment_status":"open","ping_status":"closed","template":"","meta":[],"product_brand":[195],"product_cat":[1301],"product_tag":[],"class_list":{"0":"post-41107","1":"product","2":"type-product","3":"status-publish","4":"has-post-thumbnail","6":"product_brand-superfire","7":"product_cat-other-flashlights","9":"first","10":"outofstock","11":"taxable","12":"shipping-taxable","13":"purchasable","14":"product-type-simple"},"aioseo_notices":[],"_links":{"self":[{"href":"https:\/\/asura.lv\/lt\/wp-json\/wp\/v2\/product\/41107","targetHints":{"allow":["GET"]}}],"collection":[{"href":"https:\/\/asura.lv\/lt\/wp-json\/wp\/v2\/product"}],"about":[{"href":"https:\/\/asura.lv\/lt\/wp-json\/wp\/v2\/types\/product"}],"replies":[{"embeddable":true,"href":"https:\/\/asura.lv\/lt\/wp-json\/wp\/v2\/comments?post=41107"}],"wp:featuredmedia":[{"embeddable":true,"href":"https:\/\/asura.lv\/lt\/wp-json\/wp\/v2\/media\/41108"}],"wp:attachment":[{"href":"https:\/\/asura.lv\/lt\/wp-json\/wp\/v2\/media?parent=41107"}],"wp:term":[{"taxonomy":"product_brand","embeddable":true,"href":"https:\/\/asura.lv\/lt\/wp-json\/wp\/v2\/product_brand?post=41107"},{"taxonomy":"product_cat","embeddable":true,"href":"https:\/\/asura.lv\/lt\/wp-json\/wp\/v2\/product_cat?post=41107"},{"taxonomy":"product_tag","embeddable":true,"href":"https:\/\/asura.lv\/lt\/wp-json\/wp\/v2\/product_tag?post=41107"}],"curies":[{"name":"wp","href":"https:\/\/api.w.org\/{rel}","templated":true}]}}