{"id":41149,"date":"2025-11-28T20:46:32","date_gmt":"2025-11-28T20:46:32","guid":{"rendered":"https:\/\/asura.lv\/product\/dji-action-2-front-touchscreen-module\/"},"modified":"2025-12-12T15:29:46","modified_gmt":"2025-12-12T13:29:46","slug":"dji-action-2-front-touchscreen-module","status":"publish","type":"product","link":"https:\/\/asura.lv\/lt\/produktas\/dji-action-2-front-touchscreen-module\/","title":{"rendered":"DJI Action 2 priekinis jutiklinio ekrano modulis"},"content":{"rendered":"<div class=\"table-wrapper\">\n<h3 style=\"text-align: center;\">DJI Action 2 priekinio jutiklinio ekrano modulis<\/h3>\n<p>I\u0161pl\u0117skite savo kameros galimybes. Prijung\u0119 \u0161\u012f pried\u0105 prie DJI Action 2, gal\u0117site naudoti 2 OLED jutiklinius ekranus, laisvai perjungti juos ir be dideli\u0173 pastang\u0173 daryti fantasti\u0161kas asmenukes. Be to, baterijos veikimo laikas pailg\u0117s iki 160 minu\u010di\u0173. Priekinis jutiklinio ekrano modulis taip pat turi 3 mikrofonus ir \u201emicro SD\u201c kortel\u0117s lizd\u0105. Jis taip pat palaiko 4 mikrofon\u0173 \u201eMatrix Stereo\u201c sistem\u0105, garso priartinim\u0105 ir kryptin\u012f gars\u0105. J\u012f galite lengvai pritvirtinti prie kameros magnetiniu laikikliu. Tai puiki \u012franga vlogeriams! Pastaba: jutiklinio ekrano modulis n\u0117ra atsparus vandeniui ar dulk\u0117ms \u2013 jei norite filmuoti po vandeniu, papildomai naudokite vandeniui atspar\u0173 d\u0117kl\u0105.<\/p>\n<p>\u0412\u00a0<\/p>\n<h3>Specifikacijos<\/h3>\n<p>\u0412\u00a0<\/p>\n<table>\n<tbody>\n<tr>\n<th>Prek\u0117s \u017eenklas<\/th>\n<td>DJI<\/td>\n<\/tr>\n<tr>\n<th>Pavadinimas<\/th>\n<td>DJI Action 2 priekinis jutiklinio ekrano modulis<\/td>\n<\/tr>\n<tr>\n<th>Matmenys<\/th>\n<td>39 x 41,6 x 24,6 mm<\/td>\n<\/tr>\n<tr>\n<th>Svoris<\/th>\n<td>64 g<\/td>\n<\/tr>\n<tr>\n<th>Jutiklinis ekranas<\/th>\n<td>1,76 colio, 350 pikseli\u0173 pikseli\u0173, 500 \u00b1 50 cd\/m2, 446&#215;424<\/td>\n<\/tr>\n<tr>\n<th>Baterijos tipas<\/th>\n<td>LiPo 2S<\/td>\n<\/tr>\n<tr>\n<th>Baterijos talpa<\/th>\n<td>1300 mAh<\/td>\n<\/tr>\n<tr>\n<th>Energija<\/th>\n<td>5 Wh<\/td>\n<\/tr>\n<tr>\n<th>\u012etampa<\/th>\n<td>7,7 V<\/td>\n<\/tr>\n<tr>\n<th>Darbin\u0117 temperat\u016bra<\/th>\n<td>0\u201340 \u00b0C<\/td>\n<\/tr>\n<tr>\n<th>\u012ekrovimo temperat\u016bra<\/th>\n<td>5\u201360 \u00b0C<\/td>\n<\/tr>\n<tr>\n<th>Darbo laikas<\/th>\n<td>Kamera + priekinis jutiklinis ekranas: iki 160 minut\u0117s<\/td>\n<\/tr>\n<tr>\n<th>\u012ekrovimo laikas<\/th>\n<td>Kamera + priekinis jutiklinio ekrano modulis: apie 90 minu\u010di\u0173<\/td>\n<\/tr>\n<tr>\n<th>Suderinamumas<\/th>\n<td>DJI Action 2<\/td>\n<\/tr>\n<\/tbody>\n<\/table>\n<p>\u0412\u00a0<\/p>\n<p>\u0412\u00a0<\/p>\n<\/div>\n<style type=\"text\/css\"><!--\n.table-wrapper{width:100%;overflow-x:auto}.table-wrapper>table{border-spacing:0}.table-wrapper>table>tbody>tr>td,.table-wrapper>table>tbody>tr>th{padding:10px 35px;text-align:left}.table-wrapper>table>tbody>tr>th{vertical-align:top}.table-wrapper>table>tbody>tr:nth-child(even){background-color:#f7f7f7}\n--><\/style>\n","protected":false},"excerpt":{"rendered":"<p>DJI Action 2 priekinio jutiklinio ekrano modulis I\u0161pl\u0117skite savo kameros galimybes. Prijung\u0119 \u0161\u012f pried\u0105 prie DJI Action 2, gal\u0117site naudoti 2 OLED jutiklinius ekranus, laisvai perjungti juos ir be dideli\u0173 pastang\u0173 daryti fantasti\u0161kas asmenukes. Be to, baterijos veikimo laikas pailg\u0117s iki 160 minu\u010di\u0173. Priekinis jutiklinio ekrano modulis taip pat turi 3 mikrofonus ir \u201emicro SD\u201c [&#8230;]\n","protected":false},"featured_media":41150,"comment_status":"open","ping_status":"closed","template":"","meta":[],"product_brand":[89],"product_cat":[938],"product_tag":[],"class_list":{"0":"post-41149","1":"product","2":"type-product","3":"status-publish","4":"has-post-thumbnail","6":"product_brand-dji","7":"product_cat-for-sports-cameras","9":"first","10":"outofstock","11":"taxable","12":"shipping-taxable","13":"purchasable","14":"product-type-simple"},"aioseo_notices":[],"_links":{"self":[{"href":"https:\/\/asura.lv\/lt\/wp-json\/wp\/v2\/product\/41149","targetHints":{"allow":["GET"]}}],"collection":[{"href":"https:\/\/asura.lv\/lt\/wp-json\/wp\/v2\/product"}],"about":[{"href":"https:\/\/asura.lv\/lt\/wp-json\/wp\/v2\/types\/product"}],"replies":[{"embeddable":true,"href":"https:\/\/asura.lv\/lt\/wp-json\/wp\/v2\/comments?post=41149"}],"wp:featuredmedia":[{"embeddable":true,"href":"https:\/\/asura.lv\/lt\/wp-json\/wp\/v2\/media\/41150"}],"wp:attachment":[{"href":"https:\/\/asura.lv\/lt\/wp-json\/wp\/v2\/media?parent=41149"}],"wp:term":[{"taxonomy":"product_brand","embeddable":true,"href":"https:\/\/asura.lv\/lt\/wp-json\/wp\/v2\/product_brand?post=41149"},{"taxonomy":"product_cat","embeddable":true,"href":"https:\/\/asura.lv\/lt\/wp-json\/wp\/v2\/product_cat?post=41149"},{"taxonomy":"product_tag","embeddable":true,"href":"https:\/\/asura.lv\/lt\/wp-json\/wp\/v2\/product_tag?post=41149"}],"curies":[{"name":"wp","href":"https:\/\/api.w.org\/{rel}","templated":true}]}}