{"id":10945,"date":"2013-08-11T19:22:53","date_gmt":"2013-08-11T19:22:53","guid":{"rendered":"https:\/\/asura.lv\/kontakti\/"},"modified":"2025-12-07T13:20:31","modified_gmt":"2025-12-07T13:20:31","slug":"kontakti","status":"publish","type":"page","link":"https:\/\/asura.lv\/lv\/kontakti\/","title":{"rendered":"Kontakti"},"content":{"rendered":"\n\t<div id=\"text-2439315796\" class=\"text\">\n\t\t\n\n<p><strong><span style=\"font-size: 20.16px;\"><span style=\"font-size: 20.16px; color: #333333;\">Nepiecie\u0161ama pal\u012bdz\u012bba?<\/span><\/span><\/strong><\/p>\n<p>Ja jums ir jaut\u0101jumi, ierosin\u0101jumi vai nepiecie\u0161ama pal\u012bdz\u012bba ar pirkumu, vienk\u0101r\u0161i rakstiet mums uz e-pastu, un m\u0113s dr\u012bz sazin\u0101simies, lai pal\u012bdz\u0113tu.<\/p>\n<p><strong><span style=\"font-size: 20.16px; color: #333333;\">Uz\u0146\u0113muma inform\u0101cija<\/span><\/strong><\/p>\n<div class=\"icon-with-text gap-x-3 items-start\">\n<div class=\"flex flex-col gap-y-1\">\n<div class=\"rte m-0 text-subtext\">\n<p>Uz\u0146\u0113mums: SIA TORANS<br>Re\u0123. numurs: 40003613318<br>PVN numurs: LV40003613318<br>Adrese: Br\u012bv\u012bbas gatve 232-2, Riga, LV-1039, Latvija <\/p>\n<\/div>\n<\/div>\n<\/div>\n<div class=\"icon-with-text gap-x-3 items-start\">\n<div class=\"icon-with-text__media inline-flex items-center\">\n<div class=\"no-empty h5\" aria-hidden=\"true\"><strong><span style=\"font-size: 20.16px;\">Sazinieties ar mums<\/span><\/strong><\/div>\n<\/div>\n<div class=\"flex flex-col gap-y-1\">\n<div class=\"rte m-0 text-subtext\">\n<p>T\u0101lrunis: +371 28309471<br>E-pasts: info@asura.lv<\/p>\n<\/div>\n<\/div>\n<\/div>\n<div class=\"icon-with-text gap-x-3 items-start\">\n<div class=\"icon-with-text__media inline-flex items-center\">\n<div class=\"no-empty h5\" aria-hidden=\"true\"><strong><span style=\"font-size: 20.16px;\">Klientu apkalpo\u0161ana<\/span><\/strong><\/div>\n<\/div>\n<div class=\"flex flex-col gap-y-1\">\n<div class=\"rte m-0 text-subtext\">\n<p>P.\u2013Pk; 10:00 &#8211; 17:00\u2028<br>S., Sv.: Sl\u0113gts<\/p>\n<p> <\/p>\n<\/div>\n<\/div>\n<\/div>\n\t\t\n<style>\n#text-2439315796 {\n  text-align: left;\n}\n<\/style>\n\t<\/div>\n\t\n\n","protected":false},"excerpt":{"rendered":"","protected":false},"author":1,"featured_media":10937,"parent":0,"menu_order":0,"comment_status":"closed","ping_status":"closed","template":"page-blank-title-center.php","meta":{"footnotes":""},"class_list":["post-10945","page","type-page","status-publish","has-post-thumbnail","hentry"],"aioseo_notices":[],"_hostinger_reach_plugin_has_subscription_block":false,"_hostinger_reach_plugin_is_elementor":false,"_links":{"self":[{"href":"https:\/\/asura.lv\/lv\/wp-json\/wp\/v2\/pages\/10945","targetHints":{"allow":["GET"]}}],"collection":[{"href":"https:\/\/asura.lv\/lv\/wp-json\/wp\/v2\/pages"}],"about":[{"href":"https:\/\/asura.lv\/lv\/wp-json\/wp\/v2\/types\/page"}],"author":[{"embeddable":true,"href":"https:\/\/asura.lv\/lv\/wp-json\/wp\/v2\/users\/1"}],"replies":[{"embeddable":true,"href":"https:\/\/asura.lv\/lv\/wp-json\/wp\/v2\/comments?post=10945"}],"version-history":[{"count":0,"href":"https:\/\/asura.lv\/lv\/wp-json\/wp\/v2\/pages\/10945\/revisions"}],"wp:featuredmedia":[{"embeddable":true,"href":"https:\/\/asura.lv\/lv\/wp-json\/wp\/v2\/media\/10937"}],"wp:attachment":[{"href":"https:\/\/asura.lv\/lv\/wp-json\/wp\/v2\/media?parent=10945"}],"curies":[{"name":"wp","href":"https:\/\/api.w.org\/{rel}","templated":true}]}}