{"id":10953,"date":"2025-11-17T17:57:49","date_gmt":"2025-11-17T17:57:49","guid":{"rendered":"https:\/\/asura.lv\/piegade\/"},"modified":"2025-12-07T13:47:22","modified_gmt":"2025-12-07T13:47:22","slug":"piegade","status":"publish","type":"page","link":"https:\/\/asura.lv\/lv\/piegade\/","title":{"rendered":"Pieg\u0101de"},"content":{"rendered":"\n<h2><strong>Pieg\u0101de uz sa\u0146em\u0161anas punktiem un pakom\u0101tiem<\/strong><\/h2>\n<p>Ja esat izv\u0113l\u0113jies pre\u010du pieg\u0101di uz pakom\u0101tiem, s\u016bt\u012bjums tiks pieg\u0101d\u0101ts 5\u20139 darba dienu laik\u0101, ja vien izv\u0113l\u0113taj\u0101m prec\u0113m nav nor\u0101d\u012bts cits pieg\u0101des termi\u0146\u0161.\nPieg\u0101des izmaksas var at\u0161\u0137irties atkar\u012bb\u0101 no izv\u0113l\u0113t\u0101 pieg\u0101des veida, galam\u0113r\u0137a un citiem faktoriem. <\/p>\n<p> <\/p>\n<h2><strong style=\"font-size: 23.04px; color: #333333;\">Pieejamie pakom\u0101ti<\/strong><\/h2>\n<h3><strong>Omniva pakom\u0101ti<\/strong><\/h3>\n<p>Izv\u0113loties \u0161o pieg\u0101des veidu, izv\u0113lieties Omniva pakom\u0101tu no pieejam\u0101 saraksta, kur Jums ir vis\u0113rt\u0101k sa\u0146emt preces.\n\u0160o pieg\u0101des metodi var izmantot tikai gad\u012bjum\u0101, ja preces nep\u0101rsniedz noteiktos izm\u0113rus (39 \u00d7 38 \u00d7 64 cm) un svaru (l\u012bdz 30 kg).\nP\u0113c s\u016bt\u012bjuma ievieto\u0161anas pakom\u0101t\u0101 J\u016bs sa\u0146emsiet SMS ar piek\u013cuves kodu.\nIevadiet \u0161o kodu pakom\u0101ta sk\u0101rienekr\u0101n\u0101, un skap\u012b\u0161a durvis atv\u0113rsies.\nS\u016bt\u012bjuma uzglab\u0101\u0161anas laiks pakom\u0101t\u0101 \u2014 <strong>7 kalend\u0101r\u0101s dienas.<\/strong>    <\/p>\n<h3><strong>DPD Pickup punkti<\/strong><\/h3>\n<div>Izv\u0113loties \u0161o metodi, izv\u0113lieties DPD sa\u0146em\u0161anas punktu no saraksta. P\u0113c s\u016bt\u012bjuma pieg\u0101des pakom\u0101t\u0101 Jums tiks nos\u016bt\u012bta SMS ar piek\u013cuves kodu. Ievadot \u0161o kodu pakom\u0101ta ekr\u0101n\u0101, skap\u012b\u0161a durvis atv\u0113rsies. S\u016bt\u012bjumi tiek glab\u0101ti <strong>5 kalend\u0101r\u0101s dienas.<\/strong>   <\/div>\n<div> <\/div>\n<h3><strong>Venipak Pickup punkti<\/strong><\/h3>\n<div><span style=\"color: #555555; font-size: 14.4px;\">Izv\u0113loties \u0161o metodi, izv\u0113lieties Venipak sa\u0146em\u0161anas punktu no saraksta. Kad s\u016bt\u012bjums b\u016bs pieg\u0101d\u0101ts, Jums tiks nos\u016bt\u012bta SMS, kas satur\u0113s:   <\/span><\/div>\n<div>\n<ul>\n<li>s\u016bt\u012bjuma numuru;<\/li>\n<li>s\u016bt\u012bjuma sa\u0146em\u0161anas kodu;<\/li>\n<li>sa\u0146em\u0161anas punkta nosaukumu;<\/li>\n<li>adresi;<\/li>\n<li>darba laikus n\u0101kamaj\u0101 darba dien\u0101.<\/li>\n<\/ul>\n<p>Sa\u0146emot s\u016bt\u012bjumu, Venipak punkta operators l\u016bgs uzr\u0101d\u012bt 6 ciparu sa\u0146em\u0161anas kodu un p\u0113c p\u0101rbaudes nodos s\u016bt\u012bjumu. <\/p>\n<h3><strong>Unisend Pickup punkti<\/strong><\/h3>\n<p>Kad s\u016bt\u012bjums non\u0101ks izv\u0113l\u0113taj\u0101 sa\u0146em\u0161anas punkt\u0101, J\u016bsu t\u0101lrun\u012b tiks nos\u016bt\u012bta SMS ar instrukcij\u0101m un sa\u0146em\u0161anas kodu. Ierodoties punkt\u0101, ievadiet kodu sa\u0146em\u0161anas punkta ekr\u0101n\u0101 \u2014 skap\u012b\u0161a durvis atv\u0113rsies, un J\u016bs var\u0113siet iz\u0146emt s\u016bt\u012bjumu. S\u016bt\u012bjums j\u0101iz\u0146em <strong>3 dienu laik\u0101.<\/strong>    <\/p>\n<p> <\/p>\n<\/div>\n<h2><strong>Pieg\u0101de uz m\u0101j\u0101m<\/strong><\/h2>\n<p>Izv\u0113loties pieg\u0101di uz m\u0101j\u0101m, pas\u016bt\u012bjums tiks pieg\u0101d\u0101ts 5\u20139 darba dienu laik\u0101, ja vien konkr\u0113t\u0101m prec\u0113m nav nor\u0101d\u012bts cits pieg\u0101des termi\u0146\u0161. Kurjeri pieg\u0101d\u0101 s\u016bt\u012bjumus p\u0113c noteikta mar\u0161ruta, t\u0101d\u0113\u013c prec\u012bzu pieg\u0101des laiku izv\u0113l\u0113ties nav iesp\u0113jams. Pieg\u0101des izmaksas var at\u0161\u0137irties atkar\u012bb\u0101 no pieg\u0101des veida un galam\u0113r\u0137a.  <\/p>\n<p>Kurjers pieg\u0101d\u0101s pas\u016bt\u012bjumu uz nor\u0101d\u012bto adresi. Pirms parakst\u012b\u0161anas aicin\u0101m vizu\u0101li p\u0101rbaud\u012bt iepakojuma \u0101r\u0113jo st\u0101vokli kurjera kl\u0101tb\u016btn\u0113! <\/p>\n<p>Iz\u0146\u0113muma gad\u012bjumos noliktavas un interneta veikala kr\u0101jumi var nesakrist, t\u0101d\u0113\u013c iesp\u0113jama pieg\u0101des termi\u0146a mai\u0146a vai pas\u016bt\u012bjuma nepiln\u012bga izpilde (\u0161\u0101dos gad\u012bjumos Klients tiek inform\u0113ts nekav\u0113joties).<\/p>\n\n","protected":false},"excerpt":{"rendered":"","protected":false},"author":1,"featured_media":0,"parent":0,"menu_order":0,"comment_status":"closed","ping_status":"closed","template":"page-blank-title-center.php","meta":{"footnotes":""},"class_list":["post-10953","page","type-page","status-publish","hentry"],"aioseo_notices":[],"_links":{"self":[{"href":"https:\/\/asura.lv\/lv\/wp-json\/wp\/v2\/pages\/10953","targetHints":{"allow":["GET"]}}],"collection":[{"href":"https:\/\/asura.lv\/lv\/wp-json\/wp\/v2\/pages"}],"about":[{"href":"https:\/\/asura.lv\/lv\/wp-json\/wp\/v2\/types\/page"}],"author":[{"embeddable":true,"href":"https:\/\/asura.lv\/lv\/wp-json\/wp\/v2\/users\/1"}],"replies":[{"embeddable":true,"href":"https:\/\/asura.lv\/lv\/wp-json\/wp\/v2\/comments?post=10953"}],"version-history":[{"count":0,"href":"https:\/\/asura.lv\/lv\/wp-json\/wp\/v2\/pages\/10953\/revisions"}],"wp:attachment":[{"href":"https:\/\/asura.lv\/lv\/wp-json\/wp\/v2\/media?parent=10953"}],"curies":[{"name":"wp","href":"https:\/\/api.w.org\/{rel}","templated":true}]}}